{"id":1090,"date":"2026-03-02T12:17:38","date_gmt":"2026-03-02T11:17:38","guid":{"rendered":"https:\/\/achat.rebatiment.fr\/?post_type=product&#038;p=1090"},"modified":"2026-03-02T12:20:19","modified_gmt":"2026-03-02T11:20:19","slug":"formule-etude-thermiqueetude-carbone-acv","status":"publish","type":"product","link":"https:\/\/achat.rebatiment.fr\/?product=formule-etude-thermiqueetude-carbone-acv","title":{"rendered":"Formule &#8211; \u00c9tude thermique+etude carbone ACV"},"content":{"rendered":"<div class=\"elementor-element elementor-element-625a630 elementor-widget elementor-widget-text-editor\" data-id=\"625a630\" data-element_type=\"widget\" data-widget_type=\"text-editor.default\">\n<div class=\"elementor-widget-container\">\n<p>&nbsp;<\/p>\n<\/div>\n<\/div>\n","protected":false},"excerpt":{"rendered":"<p><strong>(attestation au stade permis de construire d\u00e9j\u00e0 r\u00e9alis\u00e9e)<\/strong><\/p>\n<p>Cette offre vous permet d\u2019obtenir:<\/p>\n<p>L\u2019\u00e9tude thermique r\u00e9glementaire: celle-ci d\u00e9taille la composition des parois, des menuiseries et des processus thermiques (chauffage, ventilation, eau chaude sanitaire, etc.).<br \/>\nL\u2019\u00e9tude carbone acv:empreinte carbone du b\u00e2timent<\/p>\n<p>Concerne<\/p>\n<p>\u2705 Tous les b\u00e2timents neufs ou extension sur b\u00e2timent existant <200m\u00b2, au del\u00e0 nous contacter pour la r\u00e9alisation d\u2019un devis sur mesure.\n\nLa formule 3 vous offre l\u2019acc\u00e8s \u00e0 l\u2019ensemble des documents n\u00e9cessaires pour finaliser les travaux.\n\nLe fichier XML : RSEE_RSENV fourni permet de g\u00e9n\u00e9rer l\u2019attestation AT3 requise pour la DAACT \u00e0 l\u2019ach\u00e8vement des travaux.\n\nApr\u00e8s validation de votre commande, un e-mail vous invitera \u00e0 nous communiquer : les plans au format .pdf (fa\u00e7ade avec orientation, plans de niveaux rdc\/\u00e9tages\/comble), avec surface habitable et cotes des menuiseries, ainsi que la fiche descriptive \u00e0 nous retourner (mode constructif de votre b\u00e2timent).\n\n<\/p>\n","protected":false},"featured_media":310,"template":"","meta":[],"product_brand":[],"product_cat":[23],"product_tag":[],"class_list":{"0":"post-1090","1":"product","2":"type-product","3":"status-publish","4":"has-post-thumbnail","6":"product_cat-etude-thermique","8":"first","9":"instock","10":"downloadable","11":"virtual","12":"purchasable","13":"product-type-simple"},"_links":{"self":[{"href":"https:\/\/achat.rebatiment.fr\/index.php?rest_route=\/wp\/v2\/product\/1090","targetHints":{"allow":["GET"]}}],"collection":[{"href":"https:\/\/achat.rebatiment.fr\/index.php?rest_route=\/wp\/v2\/product"}],"about":[{"href":"https:\/\/achat.rebatiment.fr\/index.php?rest_route=\/wp\/v2\/types\/product"}],"version-history":[{"count":3,"href":"https:\/\/achat.rebatiment.fr\/index.php?rest_route=\/wp\/v2\/product\/1090\/revisions"}],"predecessor-version":[{"id":1093,"href":"https:\/\/achat.rebatiment.fr\/index.php?rest_route=\/wp\/v2\/product\/1090\/revisions\/1093"}],"wp:featuredmedia":[{"embeddable":true,"href":"https:\/\/achat.rebatiment.fr\/index.php?rest_route=\/wp\/v2\/media\/310"}],"wp:attachment":[{"href":"https:\/\/achat.rebatiment.fr\/index.php?rest_route=%2Fwp%2Fv2%2Fmedia&parent=1090"}],"wp:term":[{"taxonomy":"product_brand","embeddable":true,"href":"https:\/\/achat.rebatiment.fr\/index.php?rest_route=%2Fwp%2Fv2%2Fproduct_brand&post=1090"},{"taxonomy":"product_cat","embeddable":true,"href":"https:\/\/achat.rebatiment.fr\/index.php?rest_route=%2Fwp%2Fv2%2Fproduct_cat&post=1090"},{"taxonomy":"product_tag","embeddable":true,"href":"https:\/\/achat.rebatiment.fr\/index.php?rest_route=%2Fwp%2Fv2%2Fproduct_tag&post=1090"}],"curies":[{"name":"wp","href":"https:\/\/api.w.org\/{rel}","templated":true}]}}